{"id":96,"date":"2024-01-25T09:37:59","date_gmt":"2024-01-25T08:37:59","guid":{"rendered":"https:\/\/whatsnew.citizenservice-digital.com\/?page_id=96"},"modified":"2024-02-20T07:34:40","modified_gmt":"2024-02-20T06:34:40","slug":"vops-client","status":"publish","type":"page","link":"https:\/\/whatsnew.beratungsservice-digital.de\/en\/","title":{"rendered":"VOPS-Client"},"content":{"rendered":"\n<p><\/p>\n\n\n\n<div id=\"wp-block-themeisle-blocks-advanced-columns-41948b0d\" class=\"wp-block-themeisle-blocks-advanced-columns has-2-columns has-desktop-twoOne-layout has-tablet-equal-layout has-mobile-collapsedRows-layout has-vertical-unset\"><div class=\"wp-block-themeisle-blocks-advanced-columns-overlay\"><\/div><div class=\"innerblocks-wrap\">\n<div id=\"wp-block-themeisle-blocks-advanced-column-728a9b1c\" class=\"wp-block-themeisle-blocks-advanced-column\">\n<div class=\"wp-block-group is-layout-constrained wp-block-group-is-layout-constrained\"><div class=\"wp-block-group__inner-container\">\n<h2 id=\"wp-block-themeisle-blocks-advanced-heading-07a57746\" class=\"wp-block-themeisle-blocks-advanced-heading wp-block-themeisle-blocks-advanced-heading-07a57746\">Ab jetzt Meeting nur noch bei Anruf \u00f6ffnen<\/h2>\n\n\n\n<p>Unser innovativer Desktop-Client bietet eine umfassende L\u00f6sung f\u00fcr die gleichzeitige Verwaltung mehrerer B\u00fcros.  Wir freuen uns, Ihnen mitteilen zu k\u00f6nnen, dass unser Client ab sofort kostenlos zum Download bereitsteht. Klicken Sie einfach auf den gr\u00fcnen Download-Button, um die Anwendung herunterzuladen und von den neuen Funktionen zu profitieren. Beachten Sie, dass die Mac-Version in K\u00fcrze folgen wird. Diese kostenlose Verf\u00fcgbarkeit erm\u00f6glicht es Ihnen, den Desktop-Client ohne zus\u00e4tzliche Kosten zu nutzen und von den verbesserten Funktionen zu profitieren. Vielen Dank f\u00fcr Ihr Interesse und Ihre Unterst\u00fctzung!<\/p>\n\n\n\n<p>Die wichtigsten Funktionen des Clients umfassen:<\/p>\n\n\n\n<div id=\"wp-block-themeisle-blocks-slider-9f807420\" class=\"wp-block-themeisle-blocks-slider glide animated fadeIn slower\" data-per-view=\"1\" data-gap=\"0\" data-peek=\"0\" data-autoplay=\"3000\" data-height=\"400px\" data-hide-arrows=\"false\"><div class=\"glide__track\" data-glide-el=\"track\"><div class=\"glide__slides\"><div class=\"wp-block-themeisle-blocks-slider-item-wrapper glide__slide\" tabindex=\"0\"><figure><img decoding=\"async\" class=\"wp-block-themeisle-blocks-slider-item\" src=\"http:\/\/whatsnew.citizenservice-digital.com\/wp-content\/uploads\/2024\/01\/Login_de.png\" alt=\"\" title=\"\" data-id=\"200\"\/><figcaption>Loginseite<\/figcaption><\/figure><\/div><div class=\"wp-block-themeisle-blocks-slider-item-wrapper glide__slide\" tabindex=\"0\"><figure><img decoding=\"async\" class=\"wp-block-themeisle-blocks-slider-item\" src=\"http:\/\/whatsnew.citizenservice-digital.com\/wp-content\/uploads\/2024\/01\/Dashboard_de.png\" alt=\"\" title=\"\" data-id=\"198\"\/><figcaption>\u00dcbersicht<\/figcaption><\/figure><\/div><div class=\"wp-block-themeisle-blocks-slider-item-wrapper glide__slide\" tabindex=\"0\"><figure><img decoding=\"async\" class=\"wp-block-themeisle-blocks-slider-item\" src=\"http:\/\/whatsnew.citizenservice-digital.com\/wp-content\/uploads\/2024\/01\/Incomming_de1.png\" alt=\"\" title=\"\" data-id=\"231\"\/><figcaption>Eingehender Anruf<\/figcaption><\/figure><\/div><div class=\"wp-block-themeisle-blocks-slider-item-wrapper glide__slide\" tabindex=\"0\"><figure><img decoding=\"async\" class=\"wp-block-themeisle-blocks-slider-item\" src=\"http:\/\/whatsnew.citizenservice-digital.com\/wp-content\/uploads\/2024\/02\/de_Settings__Client.png\" alt=\"\" title=\"\" data-id=\"332\"\/><figcaption>Settings Client<\/figcaption><\/figure><\/div><div class=\"wp-block-themeisle-blocks-slider-item-wrapper glide__slide\" tabindex=\"0\"><figure><img decoding=\"async\" class=\"wp-block-themeisle-blocks-slider-item\" src=\"http:\/\/whatsnew.citizenservice-digital.com\/wp-content\/uploads\/2024\/02\/de_Settings__Basis.png\" alt=\"\" title=\"\" data-id=\"331\"\/><figcaption>Settings Basis<\/figcaption><\/figure><\/div><div class=\"wp-block-themeisle-blocks-slider-item-wrapper glide__slide\" tabindex=\"0\"><figure><img decoding=\"async\" class=\"wp-block-themeisle-blocks-slider-item\" src=\"http:\/\/whatsnew.citizenservice-digital.com\/wp-content\/uploads\/2024\/02\/de_Settings__Kalender.png\" alt=\"\" title=\"\" data-id=\"333\"\/><figcaption>Settings Kalender<\/figcaption><\/figure><\/div><div class=\"wp-block-themeisle-blocks-slider-item-wrapper glide__slide\" tabindex=\"0\"><figure><img decoding=\"async\" class=\"wp-block-themeisle-blocks-slider-item\" src=\"http:\/\/whatsnew.citizenservice-digital.com\/wp-content\/uploads\/2024\/02\/de_Settings__Adressdetails.png\" alt=\"\" title=\"\" data-id=\"330\"\/><figcaption>Settings Adressdetails<\/figcaption><\/figure><\/div><\/div><div class=\"glide__bullets\" data-glide-el=\"controls[nav]\"><button class=\"glide__bullet\" data-glide-dir=\"=0\"><\/button><button class=\"glide__bullet\" data-glide-dir=\"=1\"><\/button><button class=\"glide__bullet\" data-glide-dir=\"=2\"><\/button><button class=\"glide__bullet\" data-glide-dir=\"=3\"><\/button><button class=\"glide__bullet\" data-glide-dir=\"=4\"><\/button><button class=\"glide__bullet\" data-glide-dir=\"=5\"><\/button><button class=\"glide__bullet\" data-glide-dir=\"=6\"><\/button><\/div><\/div><\/div>\n<\/div><\/div>\n\n\n\n<p><\/p>\n\n\n\n<ol class=\"ticss-5bec8a1f\">\n<li><strong>Multi-B\u00fcro-Unterst\u00fctzung<\/strong>\n<ul>\n<li>M\u00fchelos k\u00f6nnen Sie mehrere B\u00fcros gleichzeitig \u00f6ffnen und zwischen ihnen wechseln.<\/li>\n<\/ul>\n<\/li>\n\n\n\n<li><strong>Benachrichtigung bei eingehenden Anrufen<\/strong>\n<ul>\n<li>Der Desktop-Client benachrichtigt Sie sofort \u00fcber eingehende Anrufe und erm\u00f6glicht es Ihnen, Anrufe direkt vom Desktop aus anzunehmen oder abzulehnen. Diese Funktion gew\u00e4hrleistet eine schnelle Reaktion auf wichtige Kommunikation.<\/li>\n<\/ul>\n<\/li>\n\n\n\n<li><strong>Einfache Terminpflege<\/strong>\n<ul>\n<li>Unser Desktop-Client bietet eine benutzerfreundliche Terminpflege, die es Ihnen erm\u00f6glicht, Zeitslots vorzugeben und Ihre Zeit effizient zu planen.<\/li>\n<\/ul>\n<\/li>\n\n\n\n<li><strong>Aktueller Status des PCs als B\u00fcrostatus<\/strong>\n<ul>\n<li>Der Desktop-Client synchronisiert sich automatisch mit dem aktuellen Status Ihres PCs. Dieser Status wird als Status des jeweiligen B\u00fcros gesetzt, was eine effektive Anzeige dar\u00fcber erm\u00f6glicht, ob ein B\u00fcro gerade offen oder geschlossen ist.<\/li>\n<\/ul>\n<\/li>\n<\/ol>\n\n\n\n<p>Selbstverst\u00e4ndlich k\u00f6nnen Sie die bisherige Agentenwebseite wie gewohnt weiterhin nutzen. Alle Funktionen und Dienste stehen Ihnen weiterhin zur Verf\u00fcgung<\/p>\n\n\n\n<hr class=\"wp-block-separator has-alpha-channel-opacity\"\/>\n\n\n\n<p>Sie kennen unser virtuelles B\u00fcrgerb\u00fcro noch nicht? Alle grundlegenden Informationen zu unserer L\u00f6sung finden Sie <a href=\"https:\/\/www.acp-gruppe.com\/standorte\/hauzenberg\/virtuelles-buergerbuero\" data-type=\"link\" data-id=\"https:\/\/www.acp-gruppe.com\/standorte\/hauzenberg\/virtuelles-buergerbuero\">hier<\/a>.<\/p>\n<\/div>\n\n\n\n<div id=\"wp-block-themeisle-blocks-advanced-column-45637b15\" class=\"wp-block-themeisle-blocks-advanced-column\">\n<div class=\"wp-block-group is-vertical is-layout-flex wp-container-core-group-layout-3 wp-block-group-is-layout-flex\">\n<div id=\"wp-block-themeisle-blocks-button-group-8277e840\" class=\"wp-block-themeisle-blocks-button-group wp-block-buttons\">\n<div id=\"wp-block-themeisle-blocks-button-6c4fc0fb\" class=\"wp-block-themeisle-blocks-button wp-block-button ticss-6c4fc0fb animated bounceIn slower acpClientDownload\"><a href=\"https:\/\/cdn.virtual-public-service.com\/sws\/vbb\/agent_client\/VOPS-Desktop-Agent-Client-Setup.exe\" target=\"_self\" rel=\"noopener noreferrer\" class=\"wp-block-button__link\"><i class=\"fas fa-fw fa-download margin-right\"><\/i><span>Download Client<\/span><\/a><\/div>\n<\/div>\n\n\n\n<div class=\"wp-block-columns is-layout-flex wp-container-core-columns-layout-1 wp-block-columns-is-layout-flex\">\n<div class=\"wp-block-column is-layout-flow wp-block-column-is-layout-flow\" style=\"flex-basis:100%\">\n<div class=\"wp-block-group is-layout-constrained wp-block-group-is-layout-constrained\"><div class=\"wp-block-group__inner-container\">\n<iframe frameborder=\"0\" src=\"https:\/\/swsdemo.parteiverkehr.de?id=65b8dfa9cf1b2ef7144d84e1&amp;footer=false&amp;iframe=true&amp;detach=true\" class=\"\" style=\"width:260px;max-width:260px;height:600px\"><\/iframe>\n<\/div><\/div>\n<\/div>\n<\/div>\n<\/div>\n<\/div>\n<\/div><\/div>\n\n\n\n<p><\/p>\n","protected":false},"excerpt":{"rendered":"","protected":false},"author":2,"featured_media":81,"parent":0,"menu_order":0,"comment_status":"closed","ping_status":"closed","template":"","meta":{"neve_meta_sidebar":"","neve_meta_container":"default","neve_meta_enable_content_width":"off","neve_meta_content_width":100,"neve_meta_title_alignment":"","neve_meta_author_avatar":"","neve_post_elements_order":"","neve_meta_disable_header":"","neve_meta_disable_footer":"","neve_meta_disable_title":"on","_themeisle_gutenberg_block_has_review":false,"footnotes":""},"_links":{"self":[{"href":"https:\/\/whatsnew.beratungsservice-digital.de\/en\/wp-json\/wp\/v2\/pages\/96"}],"collection":[{"href":"https:\/\/whatsnew.beratungsservice-digital.de\/en\/wp-json\/wp\/v2\/pages"}],"about":[{"href":"https:\/\/whatsnew.beratungsservice-digital.de\/en\/wp-json\/wp\/v2\/types\/page"}],"author":[{"embeddable":true,"href":"https:\/\/whatsnew.beratungsservice-digital.de\/en\/wp-json\/wp\/v2\/users\/2"}],"replies":[{"embeddable":true,"href":"https:\/\/whatsnew.beratungsservice-digital.de\/en\/wp-json\/wp\/v2\/comments?post=96"}],"version-history":[{"count":108,"href":"https:\/\/whatsnew.beratungsservice-digital.de\/en\/wp-json\/wp\/v2\/pages\/96\/revisions"}],"predecessor-version":[{"id":340,"href":"https:\/\/whatsnew.beratungsservice-digital.de\/en\/wp-json\/wp\/v2\/pages\/96\/revisions\/340"}],"wp:featuredmedia":[{"embeddable":true,"href":"https:\/\/whatsnew.beratungsservice-digital.de\/en\/wp-json\/wp\/v2\/media\/81"}],"wp:attachment":[{"href":"https:\/\/whatsnew.beratungsservice-digital.de\/en\/wp-json\/wp\/v2\/media?parent=96"}],"curies":[{"name":"wp","href":"https:\/\/api.w.org\/{rel}","templated":true}]}}